


 {"id":138,"date":"2020-04-24T17:14:31","date_gmt":"2020-04-24T16:14:31","guid":{"rendered":"https:\/\/versiliaservice.it\/staging\/?page_id=138"},"modified":"2020-04-25T13:42:28","modified_gmt":"2020-04-25T12:42:28","slug":"privacy-policy","status":"publish","type":"page","link":"https:\/\/versiliaservice.it\/staging\/privacy-policy\/","title":{"rendered":"Privacy Policy"},"content":{"rendered":"<p>[et_pb_section fb_built=&#8221;1&#8243; _builder_version=&#8221;4.4.1&#8243;][et_pb_row _builder_version=&#8221;4.4.1&#8243;][et_pb_column type=&#8221;4_4&#8243; _builder_version=&#8221;4.4.1&#8243;][et_pb_text _builder_version=&#8221;4.4.1&#8243; hover_enabled=&#8221;0&#8243;]<\/p>\n<h1 class=\"entry-title main_title\">Privacy Policy<\/h1>\n<p><strong>Informativa sulla Privacy.<\/strong><\/p>\n<p>Oggetto: informativa all\u2019 interessato ai sensi dell\u2019art. 13 del Decreto Legislativo n. 196\/2003 \u2013 Codice in materia di protezione dei dati personali.<\/p>\n<p><strong>Premessa<\/strong><\/p>\n<p>A seguito dell\u2019 entrata in vigore, avvenuta in data 1\u00b0 gennaio 2004, del Codice in materia di protezione dei dati personali acquisiti in relazione ai rapporti contrattuali intercorsi con il Cliente o a quelli che potranno essere intrattenuti in futuro e potranno formare oggetto di trattamento, nel rispetto della richiamata normativa e degli obblighi di riservatezza cui \u00e8 ispirata la nostra attivit\u00e0.<\/p>\n<p>Al riguardo giova preliminarmente far presente quanto segue:<\/p>\n<p>Per \u201c<strong>trattamento<\/strong>\u201d si intende qualunque operazione o complesso di operazioni effettuati con o senza l\u2019ausilio di strumenti elettronici, concernenti la raccolta, la registrazione, l\u2019organizzazione, la conservazione, la consultazione, l\u2019 elaborazione, la modificazione, la selezione, l\u2019 estrazione, il raffronto, l\u2019 utilizzo, l\u2019interconnessione, il blocco, la comunicazione, la diffusione, la cancellazione e la distribuzione dei dati, anche se non registrati in una banca dati.<\/p>\n<p>Per \u201c<strong>dato personale<\/strong>\u201d si intende qualunque informazione a persona fisica, persona giuridica, ente od associazione, identificati o identificabili, anche indirettamente, mediante riferimento a qualsiasi altra informazione, ivi compreso un numero di identificazione.<\/p>\n<p>Per \u201c<span>\u00a0<\/span><strong>dati identificativi<\/strong>\u201d si intendono i dati personali che permettono l\u2019identificazione diretta dell\u2019interessato;<\/p>\n<p>Per \u201c<span>\u00a0<\/span><strong>incaricati<\/strong>\u201d si intendono le persone fisiche autorizzate a compiere operazioni di trattamento del titolare o del responsabile;<\/p>\n<p>Per \u201c<span>\u00a0<\/span><strong>interessato<\/strong>\u201d si intende la persona fisica, la persona giuridica, o ente o associazione cui si riferiscono i dati personali;<\/p>\n<p>Per \u201c<span>\u00a0<\/span><strong>comunicazione<\/strong>\u201d si intende di dare conoscenza dei dati personali a uno o pi\u00f9 soggetti determinati diversi dall\u2019interessato, dal rappresentante titolare nel territorio dello stato, del responsabile e degli incaricati, in qualunque forma, anche mediante la loro messa a disposizione o consultazione;<\/p>\n<p>Per \u201c<span>\u00a0<\/span><strong>diffusione<\/strong>\u201d si intende il dare conoscenza dei dati personali a soggetti indeterminati, in qualunque forma, anche mediante la loro messa a disposizione o consultazione.<\/p>\n<p>Per \u201c<span>\u00a0<\/span><strong>incaricati<\/strong><span>\u00a0<\/span>\u201d si intendono le persone fisiche autorizzate a compiere operazioni di trattamento dal titolare o del responsabile;<\/p>\n<p>Per \u201c<strong>interessato<\/strong>\u201d si intende la persona fisica, la persona giuridica, l\u2019 utente o l\u2019 associazione cui si riferiscono i dati personali;<\/p>\n<p>Per \u201c<strong>comunicazione<\/strong>\u201d si intende il dare conoscenza dei dati personali a uno o pi\u00f9 soggetti determinati diversi dall\u2019interessato, dal rappresentante del titolare nel territorio dello stato, dal responsabile e dagli incaricati, in qualunque forma, anche mediante la loro messa a disposizione o consultazione;<\/p>\n<p>Per \u201c<strong>diffusione<\/strong>\u201d si intende il dato che in origine, o a seguito del trattamento, non pu\u00f2 essere associato ad un interesse identificato o identificabile;<\/p>\n<p>Per \u201c<strong>dato anonimo<\/strong>\u201d si intende il dato che in origine, o\/a seguito del trattamento, non pu\u00f2 essere associato ad un interesse identificato o identificabile;<\/p>\n<p>Per \u201c<strong>blocco<\/strong>\u201d si intende la conservazione di dati personali con sospensione temporanea di ogni altra operazione del trattamento;<\/p>\n<p>Per \u201c<strong>banca dati<\/strong>\u201d si intende qualsiasi complesso organizzativo di dati personali, ripartito in una o pi\u00f9 unit\u00e0 dislocate in uno o pi\u00f9 siti. Tutto ci\u00f2 permesso si espone quanto segue.<\/p>\n<p><strong>Fonte dei dati personali<\/strong><\/p>\n<p>I dati in nostro possesso, acquisiti in relazione ai rapporti contrattuali sono raccolti direttamente presso il titolare e\/o interessato. Tutti i dati raccolti saranno trattati nel rispetto della normativa vigente, e comunque, con la dovuta riservatezza.<\/p>\n<p><strong>Finalit\u00e0 del trattamento<\/strong><\/p>\n<p>La raccolta ovvero il trattamento dei dati personali ho l\u2019 esclusiva finalit\u00e0 di provvedere in modo adeguato agli adempimenti connessi all\u2019espletamento dell\u2019attivit\u00e0 economica di Renato Righetti e in particolar modo per:<\/p>\n<p><strong>Esigenze preliminari alla stipulazione del contratto registrazione<\/strong><\/p>\n<ul>\n<li>Adempiere agli obblighi contrattuali nei confronti dell\u2019interessato dando esecuzione ad un atto, pluralit\u00e0 di atti od insieme di operazioni necessarie all\u2019adempimento dei predetti obblighi;<\/li>\n<li>Dare esecuzione presso ente pubblico o privato agli adempimenti connessi o strumentali al contratto;<\/li>\n<li>Dare esecuzione ed adempiere agli obblighi contrattuali nei confronti dell\u2019interessato dando esecuzione ad un atto, pluralit\u00e0 di atti o insieme di operazioni necessarie all\u2019adempimento dei predetti obblighi;<\/li>\n<li>Dare esecuzione ad adempimenti di obbligo di legge;<\/li>\n<li>Provvedere alla gestione amministrativa del rapporto contrattuale;<\/li>\n<li>Garantire il supporto tecnico o l\u2019informazione tecnica rispetto ai beni e\/o servizi da Voi acquistati;<\/li>\n<\/ul>\n<p>Inoltre i Vostri dati potranno essere utilizzati per la formazione dell\u2019 indirizzario di Renato Righetti utile per l\u2019invio delle comunicazioni ai clienti o fornitori attraverso mezzi di stampa o telematici.<\/p>\n<p><strong>Modalit\u00e0 di trattamento<\/strong><\/p>\n<p>In relazione alle indicate finalit\u00e0, il trattamento dei dati personali che pu\u00f2 consistere nella raccolta, registrazione, organizzazione, conservazione, elaborazione, modificazione, selezione, estrazione, raffronto, utilizzo, interconnessione, blocco, comunicazione, diffusione, cancellazione e diffusione, pu\u00f2 avvenire sia mediante strumenti manuali ( registrazione, organizzazione e conservazione in archivi Cartacei) che informatici con logiche strettamente correlate alle finalit\u00e0 stesse e, comunque, in modo lecito tale da garantire la sicurezza e la riservatezza dei dati stessi nel rispetto della citata legge.<\/p>\n<p><strong>Natura della raccolta<\/strong><\/p>\n<p>Per la stipulazione ed l\u2019 esecuzione del rapporto contrattuale via telematica o scritta la raccolta dei dati personali ha anche natura obbligatoria dovendosi dare corso agli adempimenti di legge e fiscali; il rifiuto di fornire tali dati comporter\u00e0 l\u2019 impossibilit\u00e0 di instaurare i rapporti con Renato Righetti. Si avverte che, in attesa di detto consenso, qualora l\u2019interessato richieda, comunque, l\u2019esecuzione di specifiche operazioni e servizi, l\u2019 esecuzione degli stessi da parte di Renato Righetti deve intendersi come manifestazione provvisoria di consenso da parte del cliente limitatamente ai trattamenti relativi alle operazioni ed ai servizi richiesti.<\/p>\n<p>Ai fini di un corretto trattamento dei dati \u00e8 in ogni caso necessario che l\u2019interessato comunichi tempestivamente le eventuali variazioni dei dati forniti.<\/p>\n<p><strong>Comunicazione e diffusione<\/strong><\/p>\n<p>I dati personali ed il relativo trattamento sar\u00e0 oggetto di comunicazione:<\/p>\n<ul>\n<li>nei casi previsti dalla legge;<\/li>\n<li>per esigenze di tipo operativo e\/o gestionale;<\/li>\n<li>ad istituti bancari per la gestione degli incassi e pagamenti derivanti dall\u2019esecuzione dei contratti<\/li>\n<\/ul>\n<p><strong>Diritti dell\u2019 interessato<\/strong><\/p>\n<p>Gli articoli 7 a 10 del D. Lgs. N. 196\/2003, conferiscono agli interessati l\u2019 esercizio di specifici diritti in relazione al trattamento dei propri dati personali.<\/p>\n<p><strong>Titolare del trattamento<\/strong><\/p>\n<p>Il titolare del trattamento dei dati personali \u00e8 Renato Righetti, legale rappresentante , residente in Via Colombara, 129 \u2013 55054 \u2013 Massarosa \u2013 Lucca. \u201c Diritti dell\u2019interessato\u201d ai sensi degli art. 7,8,9 e 10 del D. Lgs. N. 196\/2003.<\/p>\n<p>In relazione al trattamento di dati personali l\u2019interessato ha:<\/p>\n<p>DIRITTO DI ACCESSO AI DATI PERSONALI E AD ALTRI DIRITTI ED IN PARTICOLARE:<\/p>\n<ul>\n<li>L\u2019interessato ha diritto di ottenere la conferma dell\u2019esistenza di dati personali che lo riguardano e la loro comunicazione in forma intelligibile;<\/li>\n<li>L\u2019interessato ha diritto di ottenere l\u2019indicazione:<\/li>\n<li>dell\u2019origine dei dati personali;<\/li>\n<li>delle finalit\u00e0 e modalit\u00e0 di trattamento;<\/li>\n<li>della logica applicata in caso di trattamento effettuato con l\u2019ausilio di strumenti elettronici;<\/li>\n<li>degli estremi identificativi del titolare, dei responsabili e l\u2019eventuale rappresentante;<\/li>\n<li>dei soggetti o delle categorie di soggetti ai quali possono essere comunicati o che possono venire a conoscenza in qualit\u00e0 di rappresentante designato nel territorio dello Stato, di responsabili o incaricati.<\/li>\n<\/ul>\n<p>L\u2019interessato ha diritto di ottenere:<\/p>\n<ul>\n<li>L\u2019aggiornamento, la rettificazione ovvero l\u2019 integrazione dei dati;<\/li>\n<li>La cancellazione, la trasformazione in forma anonima o il blocco dei dati trattati in violazione di legge compresi quelli di cui non \u00e8 necessaria la conservazione in relazione agli scopi per i quali i dati sono stati raccolti o successivamente trattati;<\/li>\n<\/ul>\n<p>L\u2019attestazione che le predette operazioni sono state portate a conoscenza di coloro che i quali i dati sono stati comunicati o diffusi, eccettuato il caso in cui tale adempimento si rivela impossibile o comporta un impiego di mezzi manifestamente sproporzionato rispetto al diritto tutelato.<\/p>\n<p>L\u2019interessato ha diritto di opporsi, tutto o in parte:<\/p>\n<ul>\n<li>per motivi legittimi al trattamento dei dati personali che lo riguardano, ancorch\u00e9 pertinenti allo scopo della raccolta;<\/li>\n<li>al trattamento di dati personali che lo riguardano ai fini di invio di materiale pubblicitario o di vendita o per il compimento di ricerche di mercato o comunicazione commerciale.<\/li>\n<\/ul>\n<p><strong>ESERCIZIO DEI DIRITTI<\/strong><\/p>\n<p>I diritti di cui sopra esercitati con richiesta rivolta senza formalit\u00e0 al titolare o al responsabile, anche per il tramite di un incaricato, al quale \u00e8 fornito idoneo riscontro senza ritardo.<\/p>\n<p>I diritti di cui sopra non possono essere esercitati con richiesta al titolare o al responsabile, o con ricorso ai sensi dell\u2019art. 145 del D. Lgs. 196\/2003, se i trattamenti di dati personali sono effettuati:<\/p>\n<ul>\n<li>in base alle disposizioni del decreto legge 3 maggio 1991, n. 419, convertito, con modificazioni, della legge 5 luglio 1991, n. 197, e successive modificazioni, in materia di riciclaggio:<\/li>\n<li>in base alle disposizioni del decreto legge 31 dicembre 1991, n. 419, convertito, con modificazioni, della legge 18 febbraio 1992, n. 172, e successive modificazioni, in materia di sostegno alle vittime di richieste estorsive;<\/li>\n<li>da commissioni parlamentari d\u2019inchiesta istituite ai sensi dell\u2019articolo 82 della costituzione<\/li>\n<li>da un soggetto pubblico diverso dagli enti pubblici economici, in base ad espressa disposizione di legge, per esclusive finalit\u00e0 inerenti alla politica monetario e valutaria al sistema di pagamenti, al controllo degli intermediarie dei mercati creditizi e finanziari, nonch\u00e9 alla tutela della loro stabilit\u00e0;<\/li>\n<li>ai sensi dell\u2019 art. 24, comma 1, lettera f), del D. Lgs. 196\/2003, limitatamente al periodo durante il quale potrebbe derivarne un pregiudizio effettivo e concreto per lo svolgimento delle investigazioni difensive o per l\u2019esercizio del diritto in sede giudiziaria;<\/li>\n<li>da fornitori di servizi di comunicazione elettronica accessibili al pubblico relativamente a comunicazioni telefoniche in entrata, salvo che possa derivarne un pregiudizio effettivo e concreto per lo svolgimento delle investigazioni difensive di cui alla legge 7 dicembre 2000, n. 397;<\/li>\n<li>per ragioni di giustizia, presso gli uffici giudiziari di ogni ordine e grado o il Consiglio Superiore della Magistratura o altri organi di autogoverno o il Ministro della Giustizia.<\/li>\n<\/ul>\n<p>Ai sensi dell\u2019 art. 53 del D. Lgs. 196\/2003, fermo restando quanto previsto dalla legge 10 aprile 1981, n. 121.<\/p>\n<p>Il garante anche su segnalazione dell\u2019interessato, nei casi di cui al comma 2, lettera a), b), e) ed f), provvede nei modi di cui agli art. 157, 158 e 159 del D. Lgs. 196\/2003 e, nei casi di cu le lettere c), g) e d) del medesimo comma, provvede nei modi di cui all\u2019articolo 160 del citato Decreto.<\/p>\n<p>L\u2019esercizio dei diritti, quando non riguarda dati di carattere oggettivo, pu\u00f2 avere luogo salvo che concerna la rettificazione o l\u2019integrazione di dati personali di tipo valutativo, relativi a giudizi, opinioni od altri apprezzamenti di tipo soggettivo, nonch\u00e9 l\u2019indicazione di condotte da tenersi o di decisioni in via di assunzione da parte del titolare del trattamento.<\/p>\n<p><strong>MODALITA\u2019 DI ESERCIZIO<\/strong><\/p>\n<p>La richiesta rivolta al titolare o al responsabile pu\u00f2 essere trasmessa anche mediante lettera raccomandata, telefax o posta elettronica.<\/p>\n<p>Il garante pu\u00f2 individuare altro idoneo sistema di riferimento e nuove soluzioni tecnologiche.<\/p>\n<p>Per quanto riguarda la richiesta dei diritti, questa pu\u00f2 essere formulata anche oralmente e in tal caso \u00e8 annotata sinteticamente a cura dell\u2019incaricato o del responsabile.<\/p>\n<p>Nell\u2019esercizio dei diritti l\u2019interessato pu\u00f2 conferire per iscritto, delega o procura a persone fisiche, enti, associazioni ed organismi. L\u2019interessato, pu\u00f2, altres\u00ec, farsi assistere da una persona di fiducia.<\/p>\n<p>I diritti riferiti a dati personali concernenti persone decedute possono essere esercitati da chi ha interesse proprio, o agisce a tutela dell\u2019interessato o per ragioni familiari meritevoli di protezione.<\/p>\n<p>L\u2019identit\u00e0 dell\u2019interessato \u00e8 verificata sulla base di idonei elementi di valutazione, anche mediante atti o documenti disponibili o l\u2019esibizione o allegazione di copia di un documento di riconoscimento. La persona che agisce per conto dell\u2019interessato esibisce o allega copia della procura, ovvero della delega sottoscritta in presenza di un incaricato o sottoscritta e presentata unitamente a copia fotostatica non autenticata di un documento di riconoscimento dell\u2019interessato. Se l\u2019 interessato \u00e8 una persona giuridica, un ente o un associazione, la richiesta \u00e8 valutata dalla persona fisica legittimata in base ai rispettivi statuti od ordinamenti.<\/p>\n<p>La richiesta \u00e8 formulata liberamente e senza costrizioni e pu\u00f2 essere rinnovata, salva l\u2019esistenza di giustificati motivi, con intervallo non minore a novanta giorni.<\/p>\n<p><strong>RISCONTRO DELL\u2019 INTERESSATO<\/strong><\/p>\n<p>Per garantire l\u2019effettivo esercizio dei diritti il titolare del trattamento \u00e8 tenuto ad adottare idonee misure volte in particolare:<\/p>\n<ul>\n<li>ad agevolare l\u2019accesso ai dati personali da parte dell\u2019interessato, anche attraverso l\u2019impiego di appositi, programmi per elaboratore finalizzati ad una accurata selezione dei dati che riguardano singoli interessati identificati o identificabili;<\/li>\n<li>a semplificare le modalit\u00e0 e a ridurre i tempi per il riscontro al richiedente, anche nell\u2019ambito di uffici o servizi preposti alle relazioni al pubblico.<\/li>\n<\/ul>\n<p>I dati sono estratti a cura del responsabile o degli incaricati e possono essere comunicati al richiedente anche oralmente, ovvero offerti in visone mediante strumenti elettronici, telematici, sempre che in tali casi la comprensione dei dati sia agevole, considerata anche la qualit\u00e0 e la quantit\u00e0 delle informazioni. Se vi \u00e8 richiesta si prevede alla trasposizione dei dati di supporto cetaceo o informatico, ovvero alla loro trasmissione telematica.<\/p>\n<p>Salvo la richiesta sia riferita ad un particolare trattamento o a specifici dati personali o categorie di dati personali, il riscontro all\u2019interessato comprende tutti i dati personali che riguardano l\u2019 interessato comunque trattati dal titolare. Se la richiesta \u00e8 rivolta ad un esercente una professione sanitaria o ad un organismo sanitario si osserva la disposizione di cui all\u2019art. 84, comma 1 del D. lgs. 196\/2003.<\/p>\n<p>Quanto l\u2019estrazione dei dati risulta particolarmente difficoltosa il riscontro alla richiesta dell\u2019interessato pu\u00f2 avvenire anche attraverso l\u2019esibizione o la consegna di copia di atti e documenti contenenti dati personali richiesti.<\/p>\n<p>Il diritto di ottenere la comunicazione in forma intelligibile dei dati non riguarda dati personali relativi a terzi, salvo che la scomposizione dei dati trattati o la privazione di alcuni elementi renda incomprensibili i dati personali relativi all\u2019interessato<\/p>\n<p>La comunicazione dei dati \u00e8 effettuata in forma intelligibile anche attraverso l\u2019utilizzo di una grafia comprensibile. In caso di comunicazione di codici o sigle sono forniti, anche mediante gli incaricati , i parametri per la comprensione del relativo significato.<\/p>\n<p>Quanto a seguito della richiesta non risulta confermata l\u2019esistenza di dati che riguardano l\u2019interessato, pu\u00f2 essere chiesto un contributo spese non eccedente i costi effettivamente sopportati per la ricerca effettuata nel caso specifico.<\/p>\n<p>Il contributo non pu\u00f2 comunque superare l\u2019importo determinato dal Garante con provvedimento di carattere generale, che pu\u00f2 individuarlo forfetariamente in relazione al caso di cui i dati sono trattati con strumenti elettronici e la risposta \u00e8 fornita oralmente. Con il medesimo provvedimento il Garante pu\u00f2 prevedere che il contributo possa essere chiesto quando i dati personali figurano su uno speciale supporto del quale \u00e8 richiesta specificatamente la riproduzione, oppure quando, presso uno o pi\u00f9 titolari, si determina una notevole impiego di mezzi in relazione alla complessit\u00e0 o all\u2019 entit\u00e0 delle richieste ed \u00e8 confermata l\u2019esistenza del dato che riguarda l\u2019interessato.<\/p>\n<p>Il contributo \u00e8 corrisposto anche mediante versamento postale o bancario, ovvero mediante carta di pagamento o di credito, ove possibile all\u2019atto della ricezione del riscontro o comunque non oltre quindici giorni da tale riscontro.<\/p>\n<p>Preso atto dell\u2019informativa di Renato Righetti ai sensi dell\u2019 art. 13 del D. Lgs. 196\/2003 , il sottoscritto:<\/p>\n<p>informato da Tecnotonergroup di Renato Righetti sui diritti di cui agli art. 7,8,9 e 10 del D. Lgs. 196\/2003,<\/p>\n<p>da il consenso al trattamento dei dati<\/p>\n<p>nega il consensi al trattamento dei dati<\/p>\n<p>ai sensi dell\u2019articolo 23 del D. Lgs. 196\/2003<\/p>\n<p><strong>Giurisdizione e foro competente<\/strong><\/p>\n<p>Il contratto concluso tra il Consumatore e il Venditore Renato Righetti si intende concluso e perfezionato in Italia ed regolato dalla legge italiana.<br \/> Per qualsiasi controversia relativa alla validit\u00e0, interpretazione o esecuzione del medesimo contratto, la competenza territoriale sar\u00e0 quella della residenza dell\u2019acquirente se in Italia.<\/p>\n<p>Informazioni generali scrivete a: info@versiliaservice.it<br \/> Assistenza alla vendita e post vendita: info@versiliaservice.it<\/p>\n<p><strong>Che cosa sono i cookie?<\/strong><\/p>\n<p>I cookie sono semplici righe di testo che i siti web inviano al computer o ad un altro dispositivo connesso ad Internet per poter identificare univocamente il browser del visitatore e per eseguire quindi autenticazioni automatiche, tracciatura di sessioni e salvataggio di informazioni specifiche come per esempio, in caso di acquisti online, il contenuto del proprio carrello.<br \/> Quali tipi di cookie vengono utilizzati nel nostro sito web?<\/p>\n<p>Renato Righetti utilizza i cookie per migliorare i servizi offerti ai propri utenti.<\/p>\n<p>Cookie essenziali<br \/> Questi cookie sono necessari per salvare la sessione dell\u2019utente e per svolgere altre attivit\u00e0 strettamente necessarie al funzionamento dello stesso.<\/p>\n<p>Cookie funzionali<br \/> Questi cookie consentono al sito di ricordare le scelte effettuate dall\u2019utente, come l\u2019impostazione della lingua, per poter ottimizzare le funzionalit\u00e0 del sito stesso.<\/p>\n<p>Cookie di terze parti<br \/> Questi cookie vengono inviati da siti web diversi da quello che si sta attualmente visitando. Generalmente vengono utilizzati da siti esterni al fine di tenere traccia delle preferenze degli utenti e dello specifico utilizzo di un sito web con lo scopo di condurre ricerche di mercato.<\/p>\n<p>Di seguito l\u2019elenco dei cookie presenti nel nostro sito:<\/p>\n<p>Widget Google Maps \u2013<span>\u00a0<\/span><a href=\"http:\/\/www.google.it\/intl\/it\/policies\/privacy\/\">Privacy Policy<\/a><\/p>\n<p>Come gestire i cookie nel proprio browser?<\/p>\n<p>Tutti i browser consentono agli utenti di gestire le proprie preferenze sull\u2019utilizzo dei cookie, ad esempio su come attivare o disattivare la loro memorizzazione, come rimuovere i cookie precedentemente impostati dai siti web visitati, come impedire a certi siti di memorizzare i propri cookie e come impedire la memorizzazione dei cookie da parte di siti web diversi da quello che si sta visitando.<br \/> A questo<span>\u00a0<\/span><a href=\"http:\/\/www.bombonet.it\/it_IT\/cookie.html\">LINK<\/a><span>\u00a0<\/span>potete trovare maggiori informazioni sulla gestione dei cookie nei diversi browser.<\/p>\n<p>[\/et_pb_text][\/et_pb_column][\/et_pb_row][\/et_pb_section]<\/p>\n","protected":false},"excerpt":{"rendered":"<p>Privacy Policy Informativa sulla Privacy. Oggetto: informativa all\u2019 interessato ai sensi dell\u2019art. 13 del Decreto Legislativo n. 196\/2003 \u2013 Codice in materia di protezione dei dati personali. Premessa A seguito dell\u2019 entrata in vigore, avvenuta in data 1\u00b0 gennaio 2004, del Codice in materia di protezione dei dati personali acquisiti in relazione ai rapporti contrattuali [&hellip;]<\/p>\n","protected":false},"author":1,"featured_media":0,"parent":0,"menu_order":0,"comment_status":"closed","ping_status":"closed","template":"","meta":{"_et_pb_use_builder":"on","_et_pb_old_content":"","_et_gb_content_width":"","footnotes":""},"_links":{"self":[{"href":"https:\/\/versiliaservice.it\/staging\/wp-json\/wp\/v2\/pages\/138"}],"collection":[{"href":"https:\/\/versiliaservice.it\/staging\/wp-json\/wp\/v2\/pages"}],"about":[{"href":"https:\/\/versiliaservice.it\/staging\/wp-json\/wp\/v2\/types\/page"}],"author":[{"embeddable":true,"href":"https:\/\/versiliaservice.it\/staging\/wp-json\/wp\/v2\/users\/1"}],"replies":[{"embeddable":true,"href":"https:\/\/versiliaservice.it\/staging\/wp-json\/wp\/v2\/comments?post=138"}],"version-history":[{"count":3,"href":"https:\/\/versiliaservice.it\/staging\/wp-json\/wp\/v2\/pages\/138\/revisions"}],"predecessor-version":[{"id":145,"href":"https:\/\/versiliaservice.it\/staging\/wp-json\/wp\/v2\/pages\/138\/revisions\/145"}],"wp:attachment":[{"href":"https:\/\/versiliaservice.it\/staging\/wp-json\/wp\/v2\/media?parent=138"}],"curies":[{"name":"wp","href":"https:\/\/api.w.org\/{rel}","templated":true}]}}